{"id":9658,"date":"2017-02-17T12:14:00","date_gmt":"2017-02-17T16:14:00","guid":{"rendered":"http:\/\/rdv2017ns.com\/the-event-schedule\/"},"modified":"2017-04-12T08:13:14","modified_gmt":"2017-04-12T12:13:14","slug":"le-calendrier-des-evenements","status":"publish","type":"page","link":"https:\/\/rdv2017ns.com\/fr\/le-calendrier-des-evenements\/","title":{"rendered":"Le Calendrier des \u00c9v\u00e9nements"},"content":{"rendered":"<p>Cet \u00e9t\u00e9, lors de la course\u00a0des grands voiliers \u00ab\u00a0Rendez-vous\u00a02017\u00a0\u00bb, les ports d\u2019accueil en Nouvelle-\u00c9cosse grouilleront d\u2019\u00e9v\u00e9nements et d\u2019activit\u00e9s pour les familles, les fins gourmets, les amateurs de musique et de th\u00e9\u00e2tre, les mordus d\u2019histoire, les admirateurs des d\u00e9fil\u00e9s et aussi toutes les personnes souhaitant simplement vivre quelque chose de diff\u00e9rent. Faites votre recherche dans notre calendrier des \u00e9v\u00e9nements, en fonction du port ou de la date, afin de commencer d\u00e8s maintenant \u00e0 pr\u00e9parer votre aventure estivale.<\/p>\n","protected":false},"excerpt":{"rendered":"<p>Cet \u00e9t\u00e9, lors de la course\u00a0des grands voiliers \u00ab\u00a0Rendez-vous\u00a02017\u00a0\u00bb, les ports d\u2019accueil en Nouvelle-\u00c9cosse grouilleront d\u2019\u00e9v\u00e9nements et d\u2019activit\u00e9s pour les familles, les fins gourmets, les amateurs de musique et de th\u00e9\u00e2tre, les mordus d\u2019histoire, les admirateurs des d\u00e9fil\u00e9s et aussi toutes les personnes souhaitant simplement vivre quelque chose de diff\u00e9rent. Faites votre recherche dans notre [&hellip;]<\/p>\n","protected":false},"author":1,"featured_media":9017,"parent":0,"menu_order":0,"comment_status":"closed","ping_status":"closed","template":"template-events.php","meta":{"footnotes":""},"class_list":["post-9658","page","type-page","status-publish","has-post-thumbnail","hentry"],"yoast_head":"<!-- This site is optimized with the Yoast SEO plugin v24.5 - https:\/\/yoast.com\/wordpress\/plugins\/seo\/ -->\n<title>Le Calendrier des \u00c9v\u00e9nements - Tall Ships are coming to Atlantic Canada<\/title>\n<meta name=\"robots\" content=\"index, follow, max-snippet:-1, max-image-preview:large, max-video-preview:-1\" \/>\n<link rel=\"canonical\" href=\"https:\/\/rdv2017ns.com\/the-event-schedule\/\" \/>\n<meta property=\"og:locale\" content=\"fr_FR\" \/>\n<meta property=\"og:type\" content=\"article\" \/>\n<meta property=\"og:title\" content=\"Le Calendrier des \u00c9v\u00e9nements - Tall Ships are coming to Atlantic Canada\" \/>\n<meta property=\"og:description\" content=\"Cet \u00e9t\u00e9, lors de la course\u00a0des grands voiliers \u00ab\u00a0Rendez-vous\u00a02017\u00a0\u00bb, les ports d\u2019accueil en Nouvelle-\u00c9cosse grouilleront d\u2019\u00e9v\u00e9nements et d\u2019activit\u00e9s pour les familles, les fins gourmets, les amateurs de musique et de th\u00e9\u00e2tre, les mordus d\u2019histoire, les admirateurs des d\u00e9fil\u00e9s et aussi toutes les personnes souhaitant simplement vivre quelque chose de diff\u00e9rent. Faites votre recherche dans notre [&hellip;]\" \/>\n<meta property=\"og:url\" content=\"https:\/\/rdv2017ns.com\/the-event-schedule\/\" \/>\n<meta property=\"og:site_name\" content=\"Tall Ships are coming to Atlantic Canada\" \/>\n<meta property=\"article:modified_time\" content=\"2017-04-12T12:13:14+00:00\" \/>\n<meta property=\"og:image\" content=\"https:\/\/rdv2017ns.com\/wp-content\/uploads\/2017\/01\/event_schedule_header-1.jpg\" \/>\n\t<meta property=\"og:image:width\" content=\"2000\" \/>\n\t<meta property=\"og:image:height\" content=\"1500\" \/>\n\t<meta property=\"og:image:type\" content=\"image\/jpeg\" \/>\n<meta name=\"twitter:card\" content=\"summary_large_image\" \/>\n<script type=\"application\/ld+json\" class=\"yoast-schema-graph\">{\"@context\":\"https:\/\/schema.org\",\"@graph\":[{\"@type\":\"WebPage\",\"@id\":\"https:\/\/rdv2017ns.com\/the-event-schedule\/\",\"url\":\"https:\/\/rdv2017ns.com\/the-event-schedule\/\",\"name\":\"Le Calendrier des \u00c9v\u00e9nements - Tall Ships are coming to Atlantic Canada\",\"isPartOf\":{\"@id\":\"https:\/\/rdv2017ns.com\/#website\"},\"primaryImageOfPage\":{\"@id\":\"https:\/\/rdv2017ns.com\/the-event-schedule\/#primaryimage\"},\"image\":{\"@id\":\"https:\/\/rdv2017ns.com\/the-event-schedule\/#primaryimage\"},\"thumbnailUrl\":\"https:\/\/rdv2017ns.com\/wp-content\/uploads\/2017\/01\/event_schedule_header-1.jpg\",\"datePublished\":\"2017-02-17T16:14:00+00:00\",\"dateModified\":\"2017-04-12T12:13:14+00:00\",\"breadcrumb\":{\"@id\":\"https:\/\/rdv2017ns.com\/the-event-schedule\/#breadcrumb\"},\"inLanguage\":\"fr-FR\",\"potentialAction\":[{\"@type\":\"ReadAction\",\"target\":[\"https:\/\/rdv2017ns.com\/the-event-schedule\/\"]}]},{\"@type\":\"ImageObject\",\"inLanguage\":\"fr-FR\",\"@id\":\"https:\/\/rdv2017ns.com\/the-event-schedule\/#primaryimage\",\"url\":\"https:\/\/rdv2017ns.com\/wp-content\/uploads\/2017\/01\/event_schedule_header-1.jpg\",\"contentUrl\":\"https:\/\/rdv2017ns.com\/wp-content\/uploads\/2017\/01\/event_schedule_header-1.jpg\",\"width\":2000,\"height\":1500},{\"@type\":\"BreadcrumbList\",\"@id\":\"https:\/\/rdv2017ns.com\/the-event-schedule\/#breadcrumb\",\"itemListElement\":[{\"@type\":\"ListItem\",\"position\":1,\"name\":\"Home\",\"item\":\"https:\/\/rdv2017ns.com\/fr\/\"},{\"@type\":\"ListItem\",\"position\":2,\"name\":\"Le Calendrier des \u00c9v\u00e9nements\"}]},{\"@type\":\"WebSite\",\"@id\":\"https:\/\/rdv2017ns.com\/#website\",\"url\":\"https:\/\/rdv2017ns.com\/\",\"name\":\"Tall Ships are coming to Atlantic Canada\",\"description\":\"Tall Ships 2017\",\"potentialAction\":[{\"@type\":\"SearchAction\",\"target\":{\"@type\":\"EntryPoint\",\"urlTemplate\":\"https:\/\/rdv2017ns.com\/?s={search_term_string}\"},\"query-input\":{\"@type\":\"PropertyValueSpecification\",\"valueRequired\":true,\"valueName\":\"search_term_string\"}}],\"inLanguage\":\"fr-FR\"}]}<\/script>\n<!-- \/ Yoast SEO plugin. -->","yoast_head_json":{"title":"Le Calendrier des \u00c9v\u00e9nements - Tall Ships are coming to Atlantic Canada","robots":{"index":"index","follow":"follow","max-snippet":"max-snippet:-1","max-image-preview":"max-image-preview:large","max-video-preview":"max-video-preview:-1"},"canonical":"https:\/\/rdv2017ns.com\/the-event-schedule\/","og_locale":"fr_FR","og_type":"article","og_title":"Le Calendrier des \u00c9v\u00e9nements - Tall Ships are coming to Atlantic Canada","og_description":"Cet \u00e9t\u00e9, lors de la course\u00a0des grands voiliers \u00ab\u00a0Rendez-vous\u00a02017\u00a0\u00bb, les ports d\u2019accueil en Nouvelle-\u00c9cosse grouilleront d\u2019\u00e9v\u00e9nements et d\u2019activit\u00e9s pour les familles, les fins gourmets, les amateurs de musique et de th\u00e9\u00e2tre, les mordus d\u2019histoire, les admirateurs des d\u00e9fil\u00e9s et aussi toutes les personnes souhaitant simplement vivre quelque chose de diff\u00e9rent. Faites votre recherche dans notre [&hellip;]","og_url":"https:\/\/rdv2017ns.com\/the-event-schedule\/","og_site_name":"Tall Ships are coming to Atlantic Canada","article_modified_time":"2017-04-12T12:13:14+00:00","og_image":[{"width":2000,"height":1500,"url":"https:\/\/rdv2017ns.com\/wp-content\/uploads\/2017\/01\/event_schedule_header-1.jpg","type":"image\/jpeg"}],"twitter_card":"summary_large_image","schema":{"@context":"https:\/\/schema.org","@graph":[{"@type":"WebPage","@id":"https:\/\/rdv2017ns.com\/the-event-schedule\/","url":"https:\/\/rdv2017ns.com\/the-event-schedule\/","name":"Le Calendrier des \u00c9v\u00e9nements - Tall Ships are coming to Atlantic Canada","isPartOf":{"@id":"https:\/\/rdv2017ns.com\/#website"},"primaryImageOfPage":{"@id":"https:\/\/rdv2017ns.com\/the-event-schedule\/#primaryimage"},"image":{"@id":"https:\/\/rdv2017ns.com\/the-event-schedule\/#primaryimage"},"thumbnailUrl":"https:\/\/rdv2017ns.com\/wp-content\/uploads\/2017\/01\/event_schedule_header-1.jpg","datePublished":"2017-02-17T16:14:00+00:00","dateModified":"2017-04-12T12:13:14+00:00","breadcrumb":{"@id":"https:\/\/rdv2017ns.com\/the-event-schedule\/#breadcrumb"},"inLanguage":"fr-FR","potentialAction":[{"@type":"ReadAction","target":["https:\/\/rdv2017ns.com\/the-event-schedule\/"]}]},{"@type":"ImageObject","inLanguage":"fr-FR","@id":"https:\/\/rdv2017ns.com\/the-event-schedule\/#primaryimage","url":"https:\/\/rdv2017ns.com\/wp-content\/uploads\/2017\/01\/event_schedule_header-1.jpg","contentUrl":"https:\/\/rdv2017ns.com\/wp-content\/uploads\/2017\/01\/event_schedule_header-1.jpg","width":2000,"height":1500},{"@type":"BreadcrumbList","@id":"https:\/\/rdv2017ns.com\/the-event-schedule\/#breadcrumb","itemListElement":[{"@type":"ListItem","position":1,"name":"Home","item":"https:\/\/rdv2017ns.com\/fr\/"},{"@type":"ListItem","position":2,"name":"Le Calendrier des \u00c9v\u00e9nements"}]},{"@type":"WebSite","@id":"https:\/\/rdv2017ns.com\/#website","url":"https:\/\/rdv2017ns.com\/","name":"Tall Ships are coming to Atlantic Canada","description":"Tall Ships 2017","potentialAction":[{"@type":"SearchAction","target":{"@type":"EntryPoint","urlTemplate":"https:\/\/rdv2017ns.com\/?s={search_term_string}"},"query-input":{"@type":"PropertyValueSpecification","valueRequired":true,"valueName":"search_term_string"}}],"inLanguage":"fr-FR"}]}},"_links":{"self":[{"href":"https:\/\/rdv2017ns.com\/fr\/wp-json\/wp\/v2\/pages\/9658","targetHints":{"allow":["GET"]}}],"collection":[{"href":"https:\/\/rdv2017ns.com\/fr\/wp-json\/wp\/v2\/pages"}],"about":[{"href":"https:\/\/rdv2017ns.com\/fr\/wp-json\/wp\/v2\/types\/page"}],"author":[{"embeddable":true,"href":"https:\/\/rdv2017ns.com\/fr\/wp-json\/wp\/v2\/users\/1"}],"replies":[{"embeddable":true,"href":"https:\/\/rdv2017ns.com\/fr\/wp-json\/wp\/v2\/comments?post=9658"}],"version-history":[{"count":2,"href":"https:\/\/rdv2017ns.com\/fr\/wp-json\/wp\/v2\/pages\/9658\/revisions"}],"predecessor-version":[{"id":10284,"href":"https:\/\/rdv2017ns.com\/fr\/wp-json\/wp\/v2\/pages\/9658\/revisions\/10284"}],"wp:featuredmedia":[{"embeddable":true,"href":"https:\/\/rdv2017ns.com\/fr\/wp-json\/wp\/v2\/media\/9017"}],"wp:attachment":[{"href":"https:\/\/rdv2017ns.com\/fr\/wp-json\/wp\/v2\/media?parent=9658"}],"curies":[{"name":"wp","href":"https:\/\/api.w.org\/{rel}","templated":true}]}}